{"id":114,"date":"2020-11-09T22:03:15","date_gmt":"2020-11-09T21:03:15","guid":{"rendered":"https:\/\/www.nikowoehlk.de\/?page_id=114"},"modified":"2021-03-30T09:18:09","modified_gmt":"2021-03-30T07:18:09","slug":"literatur-links","status":"publish","type":"page","link":"https:\/\/www.nikowoehlk.dk\/de\/literatur-links\/","title":{"rendered":"Literatur &#038; Links"},"content":{"rendered":"\n<div class=\"wp-block-columns is-layout-flex wp-container-core-columns-is-layout-9d6595d7 wp-block-columns-is-layout-flex\">\n<div class=\"wp-block-column is-layout-flow wp-block-column-is-layout-flow\" style=\"flex-basis:33.33%\">\n<p class=\"has-medium-font-size\"><strong>Literaturauswahl<\/strong><\/p>\n<\/div>\n\n\n\n<div class=\"wp-block-column is-layout-flow wp-block-column-is-layout-flow\" style=\"flex-basis:66.66%\">\n<ul class=\"wp-block-list\"><li>Dethlefsen, Maiken; Lampe, Thomas M.: \u00c6 smutsen \u2013 Ringe im Wasser. Nikolaus W\u00f6hlk und der Apenrader Wandervogel. 2004 (Film)<\/li><li>Ekke, Elise: Niko W\u00f6hlk als K\u00fcnstler und Mensch. In: Die Heimat, 1926, S. 277-282<\/li><li>Holtorf, Hans: W\u00f6hlk, Nikolaus Heinrich. In: Schleswig-holsteinisches biographisches Lexikon, Bd. 1. Neum\u00fcnster 1970, S. 283-284<\/li><li>Holtorf, Hans (Hrsg.): Lobe Gott und male. Briefe des Malers Nikolaus W\u00f6hlk. Wolfshagen-Scharbeutz 1955<\/li><li>Holtorf, Hans: Der Maler Niko W\u00f6hlk. Zu der Ged\u00e4chtnisausstellung in Flensburg und Schleswig. In: Die Heimat, 1951, S. 327-328<\/li><li>Holtorf, Hans: Der Maler Niko W\u00f6hlk. Ein Gedenkblatt. 28. Hektographische Bl\u00e4tter. o. O. 1950<\/li><li>Ostwald, J\u00fcrgen: Niko W\u00f6hlk 1887-1950. Ein Maler in Nordschleswig. Nordschleswiger Hefte 2, Aabenraa 1996<\/li><li>Paulsen, Hermann (Hrsg.): Niko W\u00f6hlk und der Apenrader Wandervogel. Apenrade 1987<\/li><li>Schlee, Ernst: Niko W\u00f6hlk zum 100. Geburtstag. Ausstellung im St\u00e4dtischen Museum Flensburg vom 3. Mai bis 28. Juni 1987 und in der Deutschen Zentralb\u00fccherei Apenrade vom 2. Mai bis 13. Juni 1987<\/li><li>Schulte-W\u00fclwer, Ulrich: Niko W\u00f6hlk als \u201eentarteter\u201c K\u00fcnstler. In: Grenzhefte, 1988, S. 32-41<\/li><li>Wedemeier, Manfred: Niko W\u00f6hlk und der Apenrader Wandervogel. In: Heimat 99, 1992, S. 211-212<\/li><\/ul>\n\n\n\n<p><\/p>\n<\/div>\n<\/div>\n\n\n\n<div class=\"wp-block-columns is-layout-flex wp-container-core-columns-is-layout-9d6595d7 wp-block-columns-is-layout-flex\">\n<div class=\"wp-block-column is-layout-flow wp-block-column-is-layout-flow\" style=\"flex-basis:33.33%\">\n<p class=\"has-medium-font-size\"><strong>Links<\/strong><\/p>\n<\/div>\n\n\n\n<div class=\"wp-block-column is-layout-flow wp-block-column-is-layout-flow\" style=\"flex-basis:66.66%\">\n<p>In folgenden \u00f6ffentlichen Einrichtungen sind Werke Niko W\u00f6hlks zu finden:<\/p>\n\n\n\n<ul class=\"wp-block-list\"><li>Museumsberg Flensburg [<a rel=\"noreferrer noopener\" href=\"http:\/\/www.museumsberg-flensburg.de\" data-type=\"URL\" data-id=\"www.museumsberg-flensburg.de\" target=\"_blank\">www.museumsberg-flensburg.de<\/a>]<\/li><li>Museum f\u00fcr Kunst und Kulturgeschichte Schloss Gottorf [<a rel=\"noreferrer noopener\" href=\"http:\/\/www.museum-fuer-kunst-und-kulturgeschichte.de\" data-type=\"URL\" data-id=\"www.museum-fuer-kunst-und-kulturgeschichte.de\" target=\"_blank\">www.museum-fuer-kunst-und-kulturgeschichte.de<\/a>]<\/li><li>Stadtmuseum Schleswig [<a rel=\"noreferrer noopener\" href=\"http:\/\/www.stadtmuseum-schleswig.de\" data-type=\"URL\" data-id=\"www.stadtmuseum-schleswig.de\" target=\"_blank\">www.stadtmuseum-schleswig.de<\/a>]<\/li><li>Artothek der Deutschen Zentralb\u00fccherei Apenrade [<a rel=\"noreferrer noopener\" href=\"http:\/\/www.buecherei.dk\/artothek\/artothek\" data-type=\"URL\" data-id=\"www.buecherei.dk\/artothek\/artothek\" target=\"_blank\">www.buecherei.dk\/artothek\/artothek<\/a>]<\/li><\/ul>\n<\/div>\n<\/div>\n\n\n\n<p><\/p>\n","protected":false},"excerpt":{"rendered":"<p>Literaturauswahl Dethlefsen, Maiken; Lampe, Thomas M.: \u00c6 smutsen \u2013 Ringe im Wasser. Nikolaus W\u00f6hlk und der Apenrader Wandervogel. 2004 (Film) Ekke, Elise: Niko W\u00f6hlk als K\u00fcnstler und Mensch. In: Die Heimat, 1926, S. 277-282 Holtorf, Hans: W\u00f6hlk, Nikolaus Heinrich. In: Schleswig-holsteinisches biographisches Lexikon, Bd. 1. Neum\u00fcnster 1970, S. 283-284 Holtorf, Hans (Hrsg.): Lobe Gott und &hellip; <\/p>\n","protected":false},"author":1,"featured_media":0,"parent":0,"menu_order":0,"comment_status":"closed","ping_status":"closed","template":"","meta":{"footnotes":""},"class_list":["post-114","page","type-page","status-publish","hentry"],"translation":{"provider":"WPGlobus","version":"3.0.2","language":"de","enabled_languages":["da","de"],"languages":{"da":{"title":true,"content":true,"excerpt":false},"de":{"title":true,"content":true,"excerpt":false}}},"_links":{"self":[{"href":"https:\/\/www.nikowoehlk.dk\/de\/wp-json\/wp\/v2\/pages\/114","targetHints":{"allow":["GET"]}}],"collection":[{"href":"https:\/\/www.nikowoehlk.dk\/de\/wp-json\/wp\/v2\/pages"}],"about":[{"href":"https:\/\/www.nikowoehlk.dk\/de\/wp-json\/wp\/v2\/types\/page"}],"author":[{"embeddable":true,"href":"https:\/\/www.nikowoehlk.dk\/de\/wp-json\/wp\/v2\/users\/1"}],"replies":[{"embeddable":true,"href":"https:\/\/www.nikowoehlk.dk\/de\/wp-json\/wp\/v2\/comments?post=114"}],"version-history":[{"count":13,"href":"https:\/\/www.nikowoehlk.dk\/de\/wp-json\/wp\/v2\/pages\/114\/revisions"}],"predecessor-version":[{"id":706,"href":"https:\/\/www.nikowoehlk.dk\/de\/wp-json\/wp\/v2\/pages\/114\/revisions\/706"}],"wp:attachment":[{"href":"https:\/\/www.nikowoehlk.dk\/de\/wp-json\/wp\/v2\/media?parent=114"}],"curies":[{"name":"wp","href":"https:\/\/api.w.org\/{rel}","templated":true}]}}