{"id":401,"date":"2020-11-19T22:25:25","date_gmt":"2020-11-19T21:25:25","guid":{"rendered":"https:\/\/www.nikowoehlk.de\/?page_id=401"},"modified":"2025-03-28T09:27:07","modified_gmt":"2025-03-28T08:27:07","slug":"werkverzeichnis","status":"publish","type":"page","link":"https:\/\/www.nikowoehlk.dk\/de\/werkverzeichnis\/","title":{"rendered":"Werkverzeichnis"},"content":{"rendered":"\n<p class=\"block has-medium-font-size\">Derzeit wird an einer umfassenden digitalen \u00dcbersicht \u00fcber die Arbeiten von Niko W\u00f6hlk gearbeitet. Diese tr\u00e4gt alle Informationen zu den Arbeiten W\u00f6hlks zusammen, die bei \u00f6ffentlichen Institutionen, im Kunsthandel und bei Privatpersonen zu finden sind. Das Verzeichnis entsteht im Auftrag der Michael Jebsen Stiftung und wird kontinuierlich erweitert.<\/p>\n\n\n\n<p class=\"block has-vivid-red-color has-text-color has-medium-font-size\">Nach der Ver\u00f6ffentlichung werden wir Ihnen den Speicherort hier nennen.<\/p>\n\n\n\n<p class=\"block has-medium-font-size\">Wir w\u00fcrden uns freuen, wenn Sie uns helfen und uns auf Werke des K\u00fcnstlers aufmerksam machen: <a href=\"mailto:rc@jebsen.dk\" data-type=\"mailto\" data-id=\"mailto:ic@jebsen.dk\">rc@jebsen.dk<\/a><\/p>\n","protected":false},"excerpt":{"rendered":"<p>Derzeit wird an einer umfassenden digitalen \u00dcbersicht \u00fcber die Arbeiten von Niko W\u00f6hlk gearbeitet. Diese tr\u00e4gt alle Informationen zu den Arbeiten W\u00f6hlks zusammen, die bei \u00f6ffentlichen Institutionen, im Kunsthandel und bei Privatpersonen zu finden sind. Das Verzeichnis entsteht im Auftrag der Michael Jebsen Stiftung und wird kontinuierlich erweitert. Nach der Ver\u00f6ffentlichung werden wir Ihnen den &hellip; <\/p>\n","protected":false},"author":1,"featured_media":0,"parent":0,"menu_order":0,"comment_status":"closed","ping_status":"closed","template":"","meta":{"footnotes":""},"class_list":["post-401","page","type-page","status-publish","hentry"],"translation":{"provider":"WPGlobus","version":"3.0.2","language":"de","enabled_languages":["da","de"],"languages":{"da":{"title":true,"content":true,"excerpt":false},"de":{"title":true,"content":true,"excerpt":false}}},"_links":{"self":[{"href":"https:\/\/www.nikowoehlk.dk\/de\/wp-json\/wp\/v2\/pages\/401","targetHints":{"allow":["GET"]}}],"collection":[{"href":"https:\/\/www.nikowoehlk.dk\/de\/wp-json\/wp\/v2\/pages"}],"about":[{"href":"https:\/\/www.nikowoehlk.dk\/de\/wp-json\/wp\/v2\/types\/page"}],"author":[{"embeddable":true,"href":"https:\/\/www.nikowoehlk.dk\/de\/wp-json\/wp\/v2\/users\/1"}],"replies":[{"embeddable":true,"href":"https:\/\/www.nikowoehlk.dk\/de\/wp-json\/wp\/v2\/comments?post=401"}],"version-history":[{"count":16,"href":"https:\/\/www.nikowoehlk.dk\/de\/wp-json\/wp\/v2\/pages\/401\/revisions"}],"predecessor-version":[{"id":743,"href":"https:\/\/www.nikowoehlk.dk\/de\/wp-json\/wp\/v2\/pages\/401\/revisions\/743"}],"wp:attachment":[{"href":"https:\/\/www.nikowoehlk.dk\/de\/wp-json\/wp\/v2\/media?parent=401"}],"curies":[{"name":"wp","href":"https:\/\/api.w.org\/{rel}","templated":true}]}}