{"id":9,"date":"2020-11-06T21:15:20","date_gmt":"2020-11-06T20:15:20","guid":{"rendered":"https:\/\/www.nikowoehlk.de\/?page_id=9"},"modified":"2021-03-30T08:57:01","modified_gmt":"2021-03-30T06:57:01","slug":"niko-woehlk","status":"publish","type":"page","link":"https:\/\/www.nikowoehlk.dk\/de\/","title":{"rendered":"Niko W\u00f6hlk"},"content":{"rendered":"\n<p class=\"has-text-align-left\" style=\"font-size:28px\"><strong>Die Kunst, die Wandervogelbewegung und die Natur<\/strong><\/p>\n\n\n\n<p class=\"has-text-align-left\" style=\"font-size:24px\">Drei Themenkreise, die das Leben Niko W\u00f6hlks pr\u00e4gten.<\/p>\n\n\n\n<div class=\"wp-block-columns is-layout-flex wp-container-core-columns-is-layout-9d6595d7 wp-block-columns-is-layout-flex\">\n<div class=\"wp-block-column is-layout-flow wp-block-column-is-layout-flow\" style=\"flex-basis:66.66%\">\n<p class=\"has-drop-cap block has-medium-font-size\">Der K\u00fcnstler Niko W\u00f6hlk wurde am 2. Mai 1887 in Schleswig geboren. Seine Studienzeit f\u00fchrte ihn nach Hamburg und M\u00fcnchen. Zudem reiste er durch Deutschland, ins europ\u00e4ische Ausland sowie in den fr\u00fchen 1920er-Jahren mit einem Frachtschiff bis nach Indien. Die Motive seiner in den 1920er-Jahren expressionistischen, ab den 1930er-Jahren naturnahen, stimmungsvollen Malerei entsprangen meist seiner direkten Umgebung: die nordschleswigsche Landschaft, Blumen aus seinem Garten, Portr\u00e4ts von Freunden und Wegbegleitern und Stillleben im Haus. Von 1919 bis zu seinem Tod am 23. Mai 1950 lebte Niko W\u00f6hlk auf Loit Land bei Apenrade.<\/p>\n<\/div>\n\n\n\n<div class=\"wp-block-column is-layout-flow wp-block-column-is-layout-flow\" style=\"flex-basis:33.33%\">\n<figure class=\"wp-block-image size-large is-resized\"><img loading=\"lazy\" decoding=\"async\" src=\"https:\/\/www.nikowoehlk.dk\/wp-content\/uploads\/2020\/11\/twerhol-827x1024.png\" alt=\"Twerhol (Gartenansicht), undatiert, \u00d6l auf Leinwand, 64 x 56 cm, bez. u. r.: Niko W\u00f6hlk, Privatbesitz\" class=\"wp-image-49\" width=\"414\" height=\"512\" srcset=\"https:\/\/www.nikowoehlk.dk\/wp-content\/uploads\/2020\/11\/twerhol-827x1024.png 827w, https:\/\/www.nikowoehlk.dk\/wp-content\/uploads\/2020\/11\/twerhol-242x300.png 242w, https:\/\/www.nikowoehlk.dk\/wp-content\/uploads\/2020\/11\/twerhol-768x951.png 768w, https:\/\/www.nikowoehlk.dk\/wp-content\/uploads\/2020\/11\/twerhol-1240x1536.png 1240w, https:\/\/www.nikowoehlk.dk\/wp-content\/uploads\/2020\/11\/twerhol-48x60.png 48w, https:\/\/www.nikowoehlk.dk\/wp-content\/uploads\/2020\/11\/twerhol.png 1654w\" sizes=\"auto, (max-width: 414px) 100vw, 414px\" \/><figcaption><em>Twerhol (Gartenansicht), undatiert<br><\/em>\u00d6l auf Leinwand, 64 x 56 cm, Privatbesitz<\/figcaption><\/figure>\n<\/div>\n<\/div>\n\n\n\n<p><\/p>\n","protected":false},"excerpt":{"rendered":"<p>Die Kunst, die Wandervogelbewegung und die Natur Drei Themenkreise, die das Leben Niko W\u00f6hlks pr\u00e4gten. Der K\u00fcnstler Niko W\u00f6hlk wurde am 2. Mai 1887 in Schleswig geboren. Seine Studienzeit f\u00fchrte ihn nach Hamburg und M\u00fcnchen. Zudem reiste er durch Deutschland, ins europ\u00e4ische Ausland sowie in den fr\u00fchen 1920er-Jahren mit einem Frachtschiff bis nach Indien. Die &hellip; <\/p>\n","protected":false},"author":1,"featured_media":0,"parent":0,"menu_order":0,"comment_status":"closed","ping_status":"closed","template":"templates\/portfolio.php","meta":{"footnotes":""},"class_list":["post-9","page","type-page","status-publish","hentry"],"translation":{"provider":"WPGlobus","version":"3.0.2","language":"de","enabled_languages":["da","de"],"languages":{"da":{"title":true,"content":true,"excerpt":false},"de":{"title":true,"content":true,"excerpt":false}}},"_links":{"self":[{"href":"https:\/\/www.nikowoehlk.dk\/de\/wp-json\/wp\/v2\/pages\/9","targetHints":{"allow":["GET"]}}],"collection":[{"href":"https:\/\/www.nikowoehlk.dk\/de\/wp-json\/wp\/v2\/pages"}],"about":[{"href":"https:\/\/www.nikowoehlk.dk\/de\/wp-json\/wp\/v2\/types\/page"}],"author":[{"embeddable":true,"href":"https:\/\/www.nikowoehlk.dk\/de\/wp-json\/wp\/v2\/users\/1"}],"replies":[{"embeddable":true,"href":"https:\/\/www.nikowoehlk.dk\/de\/wp-json\/wp\/v2\/comments?post=9"}],"version-history":[{"count":55,"href":"https:\/\/www.nikowoehlk.dk\/de\/wp-json\/wp\/v2\/pages\/9\/revisions"}],"predecessor-version":[{"id":711,"href":"https:\/\/www.nikowoehlk.dk\/de\/wp-json\/wp\/v2\/pages\/9\/revisions\/711"}],"wp:attachment":[{"href":"https:\/\/www.nikowoehlk.dk\/de\/wp-json\/wp\/v2\/media?parent=9"}],"curies":[{"name":"wp","href":"https:\/\/api.w.org\/{rel}","templated":true}]}}